{"id":4049,"date":"2025-08-04T16:40:14","date_gmt":"2025-08-04T14:40:14","guid":{"rendered":"https:\/\/www.oa-cagliari.inaf.it\/privacy-policy\/"},"modified":"2025-09-22T10:41:36","modified_gmt":"2025-09-22T08:41:36","slug":"privacy-policy","status":"publish","type":"page","link":"https:\/\/www.oa-cagliari.inaf.it\/en\/services\/services-and-documentation\/privacy-policy\/","title":{"rendered":"Privacy Policy"},"content":{"rendered":"\r\n<p>Informativa sul trattamento dei dati personali degli utenti del sito web www.oa-cagliari.inaf.it dell&#8217;Osservatorio Astronomico di Cagliari.<\/p>\r\n<p><strong>PREMESSA<\/strong><br \/>Ai sensi dell\u2019articolo 13 del Regolamento europeo n. 2016\/679 sulla protezione dei dati personali (di seguito \u201cRegolamento\u201d), questa pagina descrive le modalit\u00e0 di trattamento dei dati personali relativi a:<\/p>\r\n<ul>\r\n<li>utenti che navigano il sito web dell&#8217;Osservatorio Astronomico di Cagliari, accessibile per via telematica all\u2019indirizzo https:\/\/www.oa-cagliari.inaf.it;<\/li>\r\n<li>utenti che richiedono la fruizione dei servizi online, ove disponibili, erogati tramite il sito https:\/\/www.oa-cagliari.inaf.it.<\/li>\r\n<\/ul>\r\n<p>Le presenti informazioni non riguardano altri siti, pagine o servizi online raggiungibili tramite link ipertestuali eventualmente pubblicati nel sito, ma riferiti a risorse esterne al dominio https:\/\/www.oa-cagliari.inaf.it.<\/p>\r\n<p><strong>Titolare del trattamento<\/strong><br \/>Titolare del trattamento \u00e8 l\u2019Istituto Nazionale di Astrofisica, con sede in Viale del Parco Mellini n. 84, IT-00136, Roma (PEC: inafsedecentrale@pcert.postecert.it, centralino +39 06.355339).\u00a0<br \/>OSSERVATORIO ASTRONOMICO CAGLIARI, Via della Scienza 5 &#8211; 09047 Selargius (CA), PEC: inafoacagliari@pcert.postecert.it \u00a0<\/p>\r\n<p><strong>Responsabile della Protezione dei Dati<\/strong><br \/>Il Responsabile della Protezione dei Dati (RPD) dell\u2019INAF \u00e8 contattabile ai seguenti recapiti:<br \/>Istituto Nazionale di Astrofisica, Viale del Parco Mellini n. 84, IT-00136, Roma.<br \/>Email: rpd@inaf.it\u00a0<br \/>PEC: rpd-inaf@legalmail.it.<\/p>\r\n<p><strong>Finalit\u00e0 e base giuridica del trattamento<\/strong><br \/>Il Titolare tratta i dati personali in relazione ai servizi offerti attraverso il proprio portale, esclusivamente per le finalit\u00e0 che rientrano nei compiti istituzionali dell\u2019Osservatorio e di interesse pubblico o per gli adempimenti previsti da norme di legge o di regolamento.<br \/>Nell\u2019ambito delle predette finalit\u00e0, il trattamento riguarda anche i dati personali necessari ad abilitare l\u2019utente che lo richiede alla fruizione di servizi online, ove disponibili, erogati attraverso il sito https:\/\/www.oa-cagliari.inaf.it.<br \/>L\u2019eventuale rifiuto di conferire i dati personali da parte dell\u2019interessato comporta l\u2019impossibilit\u00e0, per lo stesso, di usufruire dei predetti servizi per i quali si prevede una registrazione identificata.<\/p>\r\n<p><br \/><strong>Tipo di dati trattati e finalit\u00e0 del trattamento<\/strong><br \/>Dati di navigazione\u00a0<br \/>I sistemi informatici e le procedure software preposte al funzionamento di questo sito acquisiscono, nel corso del loro normale esercizio, alcuni dati personali la cui trasmissione \u00e8 implicita nell\u2019uso dei protocolli di comunicazione di Internet.<br \/>In questa categoria di dati rientrano gli indirizzi IP o i nomi a dominio dei computer e dei terminali utilizzati dagli utenti, gli indirizzi in notazione URI\/URL (Uniform Resource Identifier\/Locator) delle risorse richieste, l\u2019orario della richiesta, il metodo utilizzato nel sottoporre la richiesta al server, la dimensione del file ottenuto in risposta, il codice numerico indicante lo stato della risposta data dal server (buon fine, errore, ecc.) ed altri parametri relativi al sistema operativo e all&#8217;ambiente informatico dell\u2019utente.<br \/>Tali dati, necessari per la fruizione dei servizi web, non vengono raccolti allo scopo di associarli a soggetti identificati, ma vengono trattati in forma anonima e aggregata allo scopo di:<\/p>\r\n<ul>\r\n<li>ottenere informazioni statistiche sull\u2019uso dei servizi (pagine pi\u00f9 visitate, numero di visitatori per fascia oraria o giornaliera, aree geografiche di provenienza, ecc.);<\/li>\r\n<li>controllare il corretto funzionamento dei servizi offerti.<\/li>\r\n<\/ul>\r\n<p>Tuttavia, nei casi previsti dalla legge, potrebbero consentire di identificare gli utenti attraverso elaborazioni ed associazioni di dati detenuti da terzi, ove sia necessario accertare le responsabilit\u00e0 di eventuali reati informatici ai danni del sito.<\/p>\r\n<p>Dati forniti volontariamente dall\u2019utente<br \/>L\u2019invio facoltativo, esplicito e volontario di messaggi agli indirizzi di contatto dell\u2019Osservatorio implica l\u2019acquisizione dei dati di invio del mittente, necessari a fornire una risposta, nonch\u00e9 di tutti i dati personali inclusi nelle comunicazioni.<br \/>In relazione ai servizi forniti dall\u2019Osservatorio e fruibili anche on line attraverso il proprio sito https:\/\/www.oa-cagliari.inaf.it, vengono raccolti i seguenti dati personali:<\/p>\r\n<ul>\r\n<li>nome e cognome<\/li>\r\n<li>indirizzo di posta elettronica<\/li>\r\n<\/ul>\r\n<p><br \/><strong>Cookie e altri sistemi di tracciamento<\/strong><br \/>Questo sito web utilizza esclusivamente cookie di tipo tecnico. In particolare, il sito fa uso del servizio Google Analytics.\u00a0<br \/>Nessun dato sensibile \u00e8 scambiato tramite cookie.\u00a0<br \/>Attraverso i cookie creati da https:\/\/www.oa-cagliari.inaf.it ed i servizi tramite esso disponibili, non sono memorizzati dati personali che consentano di risalire e\/o conoscere in modo diretto all\u2019identit\u00e0 dell\u2019utente e che rappresentino un rischio per la privacy o per l\u2019integrit\u00e0 dei sistemi informatici utilizzati dall\u2019utente per accedere alla rete di comunicazione Internet ovvero al sito.\u00a0<br \/>L\u2019utente pu\u00f2 in qualsiasi momento disabilitare l\u2019uso dei cookie dal proprio browser; tale scelta potrebbe tuttavia causare difficolt\u00e0 di navigazione sul sito.\u00a0<br \/>Per sapere di pi\u00f9 su quali dati vengono archiviati e secondo quali modalit\u00e0, visita la pagina https:\/\/www.oa-cagliari.inaf.it\/informativa-estesa-cookie\/<\/p>\r\n<p><strong>Modalit\u00e0 di trattamento e conservazione dei dati<\/strong><br \/>In relazione alle finalit\u00e0 descritte, i dati verranno trattati tramite strumenti cartacei, informatici e telematici dal Titolare, dal responsabile e\/o dagli incaricati del trattamento nel rispetto della normativa sopra richiamata e comunque mediante strumenti idonei a garantire la loro sicurezza e riservatezza.<br \/>I dati personali conferiti potranno essere oggetto di trattamento esclusivamente per le finalit\u00e0 connesse al raggiungimento degli scopi per i quali vengono richiesti. Nel rispetto dei principi di liceit\u00e0, limitazione delle finalit\u00e0 e minimizzazione dei dati, ai sensi dell\u2019articolo 5 del Regolamento UE 2016\/679, previo il consenso libero ed esplicito dell\u2019utente espresso al momento della registrazione, i dati personali dello stesso saranno conservati per il periodo di tempo necessario per il conseguimento delle finalit\u00e0 per le quali sono raccolti e trattati.<\/p>\r\n<p><strong>Destinatari o categorie di destinatari dei dati<\/strong><br \/>I dati forniti potranno essere comunicati a destinatari o ad altri soggetti nominati Responsabili ai sensi dell\u2019articolo 28 del Regolamento UE 2016\/679 e\/o a persone fisiche che agiscono sotto l\u2019autorit\u00e0 del Titolare e del Responsabile, al fine di ottemperare a contratti, servizi o finalit\u00e0 connesse.<\/p>\r\n<p><strong>Trasferimento dei dati all&#8217;estero<\/strong><br \/>I dati non vengono trasferiti a Paesi terzi al di fuori dell\u2019Unione Europea.<\/p>\r\n<p><strong>Diritti degli interessati<\/strong><br \/>Gli interessati hanno il diritto di richiedere all\u2019Osservatorio Astronomico, nei casi previsti dal regolamento UE n. 2016\/679:<\/p>\r\n<ul>\r\n<li>l\u2019accesso ai dati personali (Art.15)<\/li>\r\n<li>la rettifica (Art. 16)<\/li>\r\n<li>la cancellazione (Art. 17)<\/li>\r\n<li>la limitazione del trattamento che li riguarda (Art. 18)<\/li>\r\n<li>la portabilit\u00e0 dei dati (Art. 20)\u00a0<\/li>\r\n<li>l\u2019opposizione al trattamento (artt. 21)<\/li>\r\n<\/ul>\r\n<p>L\u2019apposita istanza all\u2019Istituto \u00e8 presentata contattando il Responsabile della protezione dei dati presso i seguenti recapiti:<\/p>\r\n<ul>\r\n<li>Istituto Nazionale di Astrofisica, Viale del Parco Mellini n. 84, IT-00136, Roma.<\/li>\r\n<li>Email: rpd@inaf.it\u00a0<\/li>\r\n<li>PEC: rpd-inaf@legalmail.it.<\/li>\r\n<\/ul>\r\n<p><strong>Diritto di reclamo<\/strong><br \/>Gli interessati che ritengono che il trattamento dei dati personali a loro riferiti, effettuato attraverso questo sito, avvenga in violazione di quanto previsto dal Regolamento, hanno il diritto di proporre reclamo al Garante per la Protezione dei Dati Personali, come previsto dall\u2019articolo 77 del Regolamento stesso, o di adire le opportune sedi giudiziarie (articolo 79 del Regolamento).<\/p>","protected":false},"excerpt":{"rendered":"<p>Informativa sul trattamento dei dati personali degli utenti del sito web www.oa-cagliari.inaf.it dell&#8217;Osservatorio Astronomico di Cagliari. PREMESSAAi sensi dell\u2019articolo 13 [&hellip;]<\/p>\n","protected":false},"author":1,"featured_media":0,"parent":4242,"menu_order":6,"comment_status":"closed","ping_status":"closed","template":"","meta":{"_acf_changed":false,"footnotes":""},"class_list":["post-4049","page","type-page","status-publish","hentry"],"acf":[],"_links":{"self":[{"href":"https:\/\/www.oa-cagliari.inaf.it\/en\/wp-json\/wp\/v2\/pages\/4049","targetHints":{"allow":["GET"]}}],"collection":[{"href":"https:\/\/www.oa-cagliari.inaf.it\/en\/wp-json\/wp\/v2\/pages"}],"about":[{"href":"https:\/\/www.oa-cagliari.inaf.it\/en\/wp-json\/wp\/v2\/types\/page"}],"author":[{"embeddable":true,"href":"https:\/\/www.oa-cagliari.inaf.it\/en\/wp-json\/wp\/v2\/users\/1"}],"replies":[{"embeddable":true,"href":"https:\/\/www.oa-cagliari.inaf.it\/en\/wp-json\/wp\/v2\/comments?post=4049"}],"version-history":[{"count":1,"href":"https:\/\/www.oa-cagliari.inaf.it\/en\/wp-json\/wp\/v2\/pages\/4049\/revisions"}],"predecessor-version":[{"id":4050,"href":"https:\/\/www.oa-cagliari.inaf.it\/en\/wp-json\/wp\/v2\/pages\/4049\/revisions\/4050"}],"up":[{"embeddable":true,"href":"https:\/\/www.oa-cagliari.inaf.it\/en\/wp-json\/wp\/v2\/pages\/4242"}],"wp:attachment":[{"href":"https:\/\/www.oa-cagliari.inaf.it\/en\/wp-json\/wp\/v2\/media?parent=4049"}],"curies":[{"name":"wp","href":"https:\/\/api.w.org\/{rel}","templated":true}]}}